{"id":2,"date":"2024-01-04T20:52:03","date_gmt":"2024-01-04T19:52:03","guid":{"rendered":"https:\/\/www.chiffon.dk\/?page_id=2"},"modified":"2026-02-04T16:51:04","modified_gmt":"2026-02-04T15:51:04","slug":"eksempel-side","status":"publish","type":"page","link":"https:\/\/www.chiffon.dk\/","title":{"rendered":"Chiffon Sindal"},"content":{"rendered":"\n<figure class=\"wp-block-image size-full\"><img loading=\"lazy\" decoding=\"async\" width=\"960\" height=\"720\" src=\"https:\/\/www.chiffon.dk\/wp-content\/uploads\/2024\/12\/chiffon-sindal.jpg\" alt=\"\" class=\"wp-image-24\"\/><\/figure>\n\n\n\n<p>Tak for alle de gode \u00e5r i Hj\u00f8rring.<\/p>\n\n\n\n<p>Vi er nu flyttet sammen med vores forretning i Sindal.<\/p>\n\n\n\n<p><strong>Vi kan bes\u00f8ges p\u00e5 adressen:<\/strong><\/p>\n\n\n\n<p>N\u00f8rregade 5, Sindal, Denmark, 9870<\/p>\n\n\n\n<p>Tlf.: 50 38 12 17<\/p>\n\n\n\n<p>mail: <a href=\"mailto:chiffon@chiffon.dk\">chiffon@chiffon.dk<\/a><\/p>\n\n\n\n<p>For mere information og nye kollektioner, bes\u00f8g vores Facebook sider:<\/p>\n\n\n\n<p><a href=\"https:\/\/www.facebook.com\/chiffondk\" data-type=\"link\" data-id=\"https:\/\/www.facebook.com\/chiffondk\">Chiffon<\/a><\/p>\n\n\n\n<p><a href=\"https:\/\/www.facebook.com\/waerens\">Chiffon Sindal<\/a><\/p>\n\n\n\n<p><h2>\u00c5bningstider:<\/h2><\/p>\n\n\n\n<div class=\"wp-block-group has-global-padding is-layout-constrained wp-block-group-is-layout-constrained\">\n<figure class=\"wp-block-table\"><table class=\"has-fixed-layout\"><tbody><tr><td><strong>Ugedag<\/strong><\/td><td><strong>\u00c5bningstider<\/strong><\/td><\/tr><tr><td>Mandag &#8211; Fredag<\/td><td>10-17<\/td><\/tr><tr><td>L\u00f8rdage<\/td><td>10-12:30<\/td><\/tr><\/tbody><\/table><\/figure>\n<\/div>\n\n\n\n<p><\/p>\n","protected":false},"excerpt":{"rendered":"<p>Tak for alle de gode \u00e5r i Hj\u00f8rring. Vi er nu flyttet sammen med vores forretning i Sindal. Vi kan bes\u00f8ges p\u00e5 adressen: N\u00f8rregade 5, Sindal, Denmark, 9870 Tlf.: 50 38 12 17 mail: chiffon@chiffon.dk For mere information og nye kollektioner, bes\u00f8g vores Facebook sider: Chiffon Chiffon Sindal \u00c5bningstider: Ugedag \u00c5bningstider Mandag &#8211; Fredag 10-17 [&hellip;]<\/p>\n","protected":false},"author":1,"featured_media":0,"parent":0,"menu_order":0,"comment_status":"closed","ping_status":"open","template":"","meta":{"advanced_seo_description":"","jetpack_seo_html_title":"","jetpack_seo_noindex":false,"footnotes":""},"class_list":["post-2","page","type-page","status-publish","hentry"],"jetpack_sharing_enabled":true,"_links":{"self":[{"href":"https:\/\/www.chiffon.dk\/index.php?rest_route=\/wp\/v2\/pages\/2","targetHints":{"allow":["GET"]}}],"collection":[{"href":"https:\/\/www.chiffon.dk\/index.php?rest_route=\/wp\/v2\/pages"}],"about":[{"href":"https:\/\/www.chiffon.dk\/index.php?rest_route=\/wp\/v2\/types\/page"}],"author":[{"embeddable":true,"href":"https:\/\/www.chiffon.dk\/index.php?rest_route=\/wp\/v2\/users\/1"}],"replies":[{"embeddable":true,"href":"https:\/\/www.chiffon.dk\/index.php?rest_route=%2Fwp%2Fv2%2Fcomments&post=2"}],"version-history":[{"count":8,"href":"https:\/\/www.chiffon.dk\/index.php?rest_route=\/wp\/v2\/pages\/2\/revisions"}],"predecessor-version":[{"id":57,"href":"https:\/\/www.chiffon.dk\/index.php?rest_route=\/wp\/v2\/pages\/2\/revisions\/57"}],"wp:attachment":[{"href":"https:\/\/www.chiffon.dk\/index.php?rest_route=%2Fwp%2Fv2%2Fmedia&parent=2"}],"curies":[{"name":"wp","href":"https:\/\/api.w.org\/{rel}","templated":true}]}}